{"id":197431,"date":"2023-11-13T10:35:52","date_gmt":"2023-11-13T09:35:52","guid":{"rendered":"https:\/\/astekjob.fr\/profesion-tecnico\/"},"modified":"2023-11-13T10:46:44","modified_gmt":"2023-11-13T09:46:44","slug":"profesion-tecnico","status":"publish","type":"page","link":"https:\/\/astekjob.fr\/es\/profesion-tecnico\/","title":{"rendered":"Profesi\u00f3n \u2013 T\u00e9cnico"},"content":{"rendered":"<p>[et_pb_section fb_built=\u00bb1&#8243; _builder_version=\u00bb4.23.1&#8243; _module_preset=\u00bbdefault\u00bb background_color=\u00bb#2D2927&#8243; background_image=\u00bbhttps:\/\/astekjob.fr\/wp-content\/uploads\/2023\/11\/header-metier-scaled.jpg\u00bb background_blend=\u00bboverlay\u00bb da_disable_devices=\u00bboff|off|off\u00bb global_colors_info=\u00bb{}\u00bb da_is_popup=\u00bboff\u00bb da_exit_intent=\u00bboff\u00bb da_has_close=\u00bbon\u00bb da_alt_close=\u00bboff\u00bb da_dark_close=\u00bboff\u00bb da_not_modal=\u00bbon\u00bb da_is_singular=\u00bboff\u00bb da_with_loader=\u00bboff\u00bb da_has_shadow=\u00bbon\u00bb][et_pb_row _builder_version=\u00bb4.23.1&#8243; _module_preset=\u00bbdefault\u00bb global_colors_info=\u00bb{}\u00bb][et_pb_column type=\u00bb4_4&#8243; _builder_version=\u00bb4.23.1&#8243; _module_preset=\u00bbdefault\u00bb global_colors_info=\u00bb{}\u00bb][et_pb_text _builder_version=\u00bb4.23.1&#8243; _module_preset=\u00bbdefault\u00bb header_font=\u00bb|||on|||||\u00bb header_text_align=\u00bbcenter\u00bb header_text_color=\u00bb#FFFFFF\u00bb global_colors_info=\u00bb{}\u00bb]<\/p>\n<h1>Formaci\u00f3n Profesi\u00f3n \u2013 T\u00e9cnico<\/h1>\n<p>[\/et_pb_text][\/et_pb_column][\/et_pb_row][\/et_pb_section][et_pb_section fb_built=\u00bb1&#8243; _builder_version=\u00bb4.23.1&#8243; _module_preset=\u00bbdefault\u00bb da_disable_devices=\u00bboff|off|off\u00bb global_colors_info=\u00bb{}\u00bb da_is_popup=\u00bboff\u00bb da_exit_intent=\u00bboff\u00bb da_has_close=\u00bbon\u00bb da_alt_close=\u00bboff\u00bb da_dark_close=\u00bboff\u00bb da_not_modal=\u00bbon\u00bb da_is_singular=\u00bboff\u00bb da_with_loader=\u00bboff\u00bb da_has_shadow=\u00bbon\u00bb][et_pb_row _builder_version=\u00bb4.23.1&#8243; _module_preset=\u00bbdefault\u00bb max_width=\u00bb980px\u00bb global_colors_info=\u00bb{}\u00bb][et_pb_column type=\u00bb4_4&#8243; _builder_version=\u00bb4.23.1&#8243; _module_preset=\u00bbdefault\u00bb global_colors_info=\u00bb{}\u00bb][et_pb_text _builder_version=\u00bb4.23.1&#8243; _module_preset=\u00bbdefault\u00bb text_font=\u00bb|||on|||||\u00bb header_2_text_align=\u00bbcenter\u00bb header_2_font_size=\u00bb35px\u00bb global_colors_info=\u00bb{}\u00bb]<\/p>\n<h2>Una oferta de formaci\u00f3n <strong>rica<\/strong> y <\/strong>continua<strong> adaptada a todos<\/h2>\n<p>[\/et_pb_text][et_pb_text _builder_version=\u00bb4.23.1&#8243; _module_preset=\u00bbdefault\u00bb text_font=\u00bb|700|||||||\u00bb text_font_size=\u00bb16px\u00bb global_colors_info=\u00bb{}\u00bb]Dado que la experiencia est\u00e1 en el centro de nuestra actividad, el Grupo promueve la formaci\u00f3n continua y el desarrollo de habilidades a trav\u00e9s de una pol\u00edtica de formaci\u00f3n intensiva. Libertad, flexibilidad y calidad son las tres consignas de nuestra oferta formativa para permitir que todo el mundo pueda acceder a la formaci\u00f3n, independientemente de su situaci\u00f3n.[\/et_pb_text][\/et_pb_column][\/et_pb_row][et_pb_row _builder_version=\u00bb4.23.1&#8243; _module_preset=\u00bbdefault\u00bb max_width=\u00bb980px\u00bb custom_padding=\u00bb0px||0px||true|false\u00bb global_colors_info=\u00bb{}\u00bb][et_pb_column type=\u00bb4_4&#8243; _builder_version=\u00bb4.23.1&#8243; _module_preset=\u00bbdefault\u00bb global_colors_info=\u00bb{}\u00bb][et_pb_text _builder_version=\u00bb4.23.1&#8243; _module_preset=\u00bbdefault\u00bb text_font=\u00bb|300|||||||\u00bb text_font_size=\u00bb16px\u00bb header_font=\u00bb|300|||||||\u00bb global_colors_info=\u00bb{}\u00bb]Capacitaciones online, certificaciones, art\u00edculos t\u00e9cnicos, consulta de proyectos de investigaci\u00f3n y desarrollo, no faltan herramientas para desarrollar tus conocimientos.[\/et_pb_text][et_pb_text _builder_version=\u00bb4.23.1&#8243; _module_preset=\u00bbdefault\u00bb text_font=\u00bb|300|||||||\u00bb custom_margin=\u00bb||||false|true\u00bb custom_padding=\u00bb10px|25px|10px|25px|true|true\u00bb border_width_all=\u00bb1px\u00bb border_color_all=\u00bb#2D2927&#8243; global_colors_info=\u00bb{}\u00bb]<\/p>\n<ul>\n<li>Formaci\u00f3n digital de libre acceso.<\/li>\n<li>Formaci\u00f3n t\u00e9cnica interna proporcionada por nuestros expertos de Astek.<\/li>\n<li>Formaci\u00f3n externa impartida por organizaciones certificadas:\n<ul>\n<li>T\u00e9cnicas: Java, Python, C++, Embedded, Cloud \/ DevOps, Kubernetes, Angular, Microcontrolador\u2026<\/li>\n<li>Gesti\u00f3n\/gesti\u00f3n de proyectos: Agile Scrum, PSPO, Prince2, PNP\u2026<\/li>\n<li>Soft skills: ofim\u00e1tica, idiomas, etc.<\/li>\n<\/ul>\n<\/li>\n<li>Certificaciones o formaci\u00f3n certificadora.<\/li>\n<li>Talleres pr\u00e1cticos de habilidades blandas, liderados por RR.HH.<\/li>\n<li>Reuniones (\u201cmeet-ups\u201d) t\u00e9cnicas<\/li>\n<\/ul>\n<p>[\/et_pb_text][\/et_pb_column][\/et_pb_row][et_pb_row _builder_version=\u00bb4.23.1&#8243; _module_preset=\u00bbdefault\u00bb max_width=\u00bb980px\u00bb custom_margin=\u00bb||50px||false|false\u00bb global_colors_info=\u00bb{}\u00bb][et_pb_column type=\u00bb4_4&#8243; _builder_version=\u00bb4.23.1&#8243; _module_preset=\u00bbdefault\u00bb global_colors_info=\u00bb{}\u00bb][et_pb_text _builder_version=\u00bb4.23.1&#8243; _module_preset=\u00bbdefault\u00bb text_font=\u00bb|300|||||||\u00bb text_font_size=\u00bb16px\u00bb hover_enabled=\u00bb0&#8243; global_colors_info=\u00bb{}\u00bb sticky_enabled=\u00bb0&#8243;]<\/p>\n<p>Ya sea para formarse en relaci\u00f3n con nuevas misiones, para un curso de formaci\u00f3n de larga duraci\u00f3n (\u201creskilling\u201d) o simplemente para desarrollar las propias habilidades sociales y interpersonales, nuestra oferta de formaci\u00f3n pretende ser diversificada y adaptada a todos: corta o larga, presencial. -presencial o digital a la carta y adaptado al ritmo de vida. Con un objetivo: \u00a1que todos se beneficien!<\/p>\n<p>[\/et_pb_text][\/et_pb_column][\/et_pb_row][\/et_pb_section]<\/p>\n","protected":false},"excerpt":{"rendered":"<p>Formaci\u00f3n Profesi\u00f3n \u2013 T\u00e9cnicoUna oferta de formaci\u00f3n rica y continua adaptada a todosDado que la experiencia est\u00e1 en el centro de nuestra actividad, el Grupo promueve la formaci\u00f3n continua y el desarrollo de habilidades a trav\u00e9s de una pol\u00edtica de formaci\u00f3n intensiva. Libertad, flexibilidad y calidad son las tres consignas de nuestra oferta formativa para [&hellip;]<\/p>\n","protected":false},"author":314,"featured_media":0,"parent":0,"menu_order":0,"comment_status":"closed","ping_status":"closed","template":"","meta":{"_et_pb_use_builder":"on","_et_pb_old_content":"","_et_gb_content_width":"","footnotes":""},"class_list":["post-197431","page","type-page","status-publish","hentry"],"yoast_head":"<!-- This site is optimized with the Yoast SEO plugin v27.4 - https:\/\/yoast.com\/product\/yoast-seo-wordpress\/ -->\n<title>Profesi\u00f3n \u2013 T\u00e9cnico - Astekjob<\/title>\n<meta name=\"robots\" content=\"index, follow, max-snippet:-1, max-image-preview:large, max-video-preview:-1\" \/>\n<link rel=\"canonical\" href=\"https:\/\/astekjob.fr\/es\/profesion-tecnico\/\" \/>\n<meta property=\"og:locale\" content=\"es_ES\" \/>\n<meta property=\"og:type\" content=\"article\" \/>\n<meta property=\"og:title\" content=\"Profesi\u00f3n \u2013 T\u00e9cnico - Astekjob\" \/>\n<meta property=\"og:description\" content=\"Formaci\u00f3n Profesi\u00f3n \u2013 T\u00e9cnicoUna oferta de formaci\u00f3n rica y continua adaptada a todosDado que la experiencia est\u00e1 en el centro de nuestra actividad, el Grupo promueve la formaci\u00f3n continua y el desarrollo de habilidades a trav\u00e9s de una pol\u00edtica de formaci\u00f3n intensiva. Libertad, flexibilidad y calidad son las tres consignas de nuestra oferta formativa para [&hellip;]\" \/>\n<meta property=\"og:url\" content=\"https:\/\/astekjob.fr\/es\/profesion-tecnico\/\" \/>\n<meta property=\"og:site_name\" content=\"Astekjob\" \/>\n<meta property=\"article:modified_time\" content=\"2023-11-13T09:46:44+00:00\" \/>\n<meta name=\"twitter:card\" content=\"summary_large_image\" \/>\n<meta name=\"twitter:label1\" content=\"Tiempo de lectura\" \/>\n\t<meta name=\"twitter:data1\" content=\"3 minutos\" \/>\n<script type=\"application\/ld+json\" class=\"yoast-schema-graph\">{\"@context\":\"https:\\\/\\\/schema.org\",\"@graph\":[{\"@type\":\"WebPage\",\"@id\":\"https:\\\/\\\/astekjob.fr\\\/es\\\/profesion-tecnico\\\/\",\"url\":\"https:\\\/\\\/astekjob.fr\\\/es\\\/profesion-tecnico\\\/\",\"name\":\"Profesi\u00f3n \u2013 T\u00e9cnico - Astekjob\",\"isPartOf\":{\"@id\":\"https:\\\/\\\/astekjob.fr\\\/es\\\/#website\"},\"datePublished\":\"2023-11-13T09:35:52+00:00\",\"dateModified\":\"2023-11-13T09:46:44+00:00\",\"breadcrumb\":{\"@id\":\"https:\\\/\\\/astekjob.fr\\\/es\\\/profesion-tecnico\\\/#breadcrumb\"},\"inLanguage\":\"es\",\"potentialAction\":[{\"@type\":\"ReadAction\",\"target\":[\"https:\\\/\\\/astekjob.fr\\\/es\\\/profesion-tecnico\\\/\"]}]},{\"@type\":\"BreadcrumbList\",\"@id\":\"https:\\\/\\\/astekjob.fr\\\/es\\\/profesion-tecnico\\\/#breadcrumb\",\"itemListElement\":[{\"@type\":\"ListItem\",\"position\":1,\"name\":\"Accueil\",\"item\":\"https:\\\/\\\/astekjob.fr\\\/es\\\/\"},{\"@type\":\"ListItem\",\"position\":2,\"name\":\"Profesi\u00f3n \u2013 T\u00e9cnico\"}]},{\"@type\":\"WebSite\",\"@id\":\"https:\\\/\\\/astekjob.fr\\\/es\\\/#website\",\"url\":\"https:\\\/\\\/astekjob.fr\\\/es\\\/\",\"name\":\"Astekjob\",\"description\":\"Le site de recrutement du Groupe Astek\",\"publisher\":{\"@id\":\"https:\\\/\\\/astekjob.fr\\\/es\\\/#organization\"},\"alternateName\":\"Astekjob\",\"potentialAction\":[{\"@type\":\"SearchAction\",\"target\":{\"@type\":\"EntryPoint\",\"urlTemplate\":\"https:\\\/\\\/astekjob.fr\\\/es\\\/?s={search_term_string}\"},\"query-input\":{\"@type\":\"PropertyValueSpecification\",\"valueRequired\":true,\"valueName\":\"search_term_string\"}}],\"inLanguage\":\"es\"},{\"@type\":\"Organization\",\"@id\":\"https:\\\/\\\/astekjob.fr\\\/es\\\/#organization\",\"name\":\"Groupe Astek\",\"url\":\"https:\\\/\\\/astekjob.fr\\\/es\\\/\",\"logo\":{\"@type\":\"ImageObject\",\"inLanguage\":\"es\",\"@id\":\"https:\\\/\\\/astekjob.fr\\\/es\\\/#\\\/schema\\\/logo\\\/image\\\/\",\"url\":\"https:\\\/\\\/astekjob.fr\\\/wp-content\\\/uploads\\\/2021\\\/11\\\/Astek-Group_Hor_Officiel.png\",\"contentUrl\":\"https:\\\/\\\/astekjob.fr\\\/wp-content\\\/uploads\\\/2021\\\/11\\\/Astek-Group_Hor_Officiel.png\",\"width\":1215,\"height\":307,\"caption\":\"Groupe Astek\"},\"image\":{\"@id\":\"https:\\\/\\\/astekjob.fr\\\/es\\\/#\\\/schema\\\/logo\\\/image\\\/\"},\"sameAs\":[\"https:\\\/\\\/www.linkedin.com\\\/company\\\/astek\\\/\"]}]}<\/script>\n<!-- \/ Yoast SEO plugin. -->","yoast_head_json":{"title":"Profesi\u00f3n \u2013 T\u00e9cnico - Astekjob","robots":{"index":"index","follow":"follow","max-snippet":"max-snippet:-1","max-image-preview":"max-image-preview:large","max-video-preview":"max-video-preview:-1"},"canonical":"https:\/\/astekjob.fr\/es\/profesion-tecnico\/","og_locale":"es_ES","og_type":"article","og_title":"Profesi\u00f3n \u2013 T\u00e9cnico - Astekjob","og_description":"Formaci\u00f3n Profesi\u00f3n \u2013 T\u00e9cnicoUna oferta de formaci\u00f3n rica y continua adaptada a todosDado que la experiencia est\u00e1 en el centro de nuestra actividad, el Grupo promueve la formaci\u00f3n continua y el desarrollo de habilidades a trav\u00e9s de una pol\u00edtica de formaci\u00f3n intensiva. Libertad, flexibilidad y calidad son las tres consignas de nuestra oferta formativa para [&hellip;]","og_url":"https:\/\/astekjob.fr\/es\/profesion-tecnico\/","og_site_name":"Astekjob","article_modified_time":"2023-11-13T09:46:44+00:00","twitter_card":"summary_large_image","twitter_misc":{"Tiempo de lectura":"3 minutos"},"schema":{"@context":"https:\/\/schema.org","@graph":[{"@type":"WebPage","@id":"https:\/\/astekjob.fr\/es\/profesion-tecnico\/","url":"https:\/\/astekjob.fr\/es\/profesion-tecnico\/","name":"Profesi\u00f3n \u2013 T\u00e9cnico - Astekjob","isPartOf":{"@id":"https:\/\/astekjob.fr\/es\/#website"},"datePublished":"2023-11-13T09:35:52+00:00","dateModified":"2023-11-13T09:46:44+00:00","breadcrumb":{"@id":"https:\/\/astekjob.fr\/es\/profesion-tecnico\/#breadcrumb"},"inLanguage":"es","potentialAction":[{"@type":"ReadAction","target":["https:\/\/astekjob.fr\/es\/profesion-tecnico\/"]}]},{"@type":"BreadcrumbList","@id":"https:\/\/astekjob.fr\/es\/profesion-tecnico\/#breadcrumb","itemListElement":[{"@type":"ListItem","position":1,"name":"Accueil","item":"https:\/\/astekjob.fr\/es\/"},{"@type":"ListItem","position":2,"name":"Profesi\u00f3n \u2013 T\u00e9cnico"}]},{"@type":"WebSite","@id":"https:\/\/astekjob.fr\/es\/#website","url":"https:\/\/astekjob.fr\/es\/","name":"Astekjob","description":"Le site de recrutement du Groupe Astek","publisher":{"@id":"https:\/\/astekjob.fr\/es\/#organization"},"alternateName":"Astekjob","potentialAction":[{"@type":"SearchAction","target":{"@type":"EntryPoint","urlTemplate":"https:\/\/astekjob.fr\/es\/?s={search_term_string}"},"query-input":{"@type":"PropertyValueSpecification","valueRequired":true,"valueName":"search_term_string"}}],"inLanguage":"es"},{"@type":"Organization","@id":"https:\/\/astekjob.fr\/es\/#organization","name":"Groupe Astek","url":"https:\/\/astekjob.fr\/es\/","logo":{"@type":"ImageObject","inLanguage":"es","@id":"https:\/\/astekjob.fr\/es\/#\/schema\/logo\/image\/","url":"https:\/\/astekjob.fr\/wp-content\/uploads\/2021\/11\/Astek-Group_Hor_Officiel.png","contentUrl":"https:\/\/astekjob.fr\/wp-content\/uploads\/2021\/11\/Astek-Group_Hor_Officiel.png","width":1215,"height":307,"caption":"Groupe Astek"},"image":{"@id":"https:\/\/astekjob.fr\/es\/#\/schema\/logo\/image\/"},"sameAs":["https:\/\/www.linkedin.com\/company\/astek\/"]}]}},"_links":{"self":[{"href":"https:\/\/astekjob.fr\/es\/wp-json\/wp\/v2\/pages\/197431","targetHints":{"allow":["GET"]}}],"collection":[{"href":"https:\/\/astekjob.fr\/es\/wp-json\/wp\/v2\/pages"}],"about":[{"href":"https:\/\/astekjob.fr\/es\/wp-json\/wp\/v2\/types\/page"}],"author":[{"embeddable":true,"href":"https:\/\/astekjob.fr\/es\/wp-json\/wp\/v2\/users\/314"}],"replies":[{"embeddable":true,"href":"https:\/\/astekjob.fr\/es\/wp-json\/wp\/v2\/comments?post=197431"}],"version-history":[{"count":0,"href":"https:\/\/astekjob.fr\/es\/wp-json\/wp\/v2\/pages\/197431\/revisions"}],"wp:attachment":[{"href":"https:\/\/astekjob.fr\/es\/wp-json\/wp\/v2\/media?parent=197431"}],"curies":[{"name":"wp","href":"https:\/\/api.w.org\/{rel}","templated":true}]}}