{"id":56996,"date":"2022-02-14T16:02:20","date_gmt":"2022-02-14T15:02:20","guid":{"rendered":"https:\/\/astekjob.fr\/nuestras-ofertas\/"},"modified":"2025-02-10T13:40:25","modified_gmt":"2025-02-10T12:40:25","slug":"nuestras-ofertas","status":"publish","type":"page","link":"https:\/\/astekjob.fr\/es\/nuestras-ofertas\/","title":{"rendered":"Nuestras ofertas"},"content":{"rendered":"<p>[et_pb_section fb_built=\u00bb1&#8243; admin_label=\u00bbSautez le pas !\u00bb _builder_version=\u00bb4.27.4&#8243; background_color=\u00bbrgba(45,41,39,0.82)\u00bb background_image=\u00bbhttps:\/\/astekjob.fr\/wp-content\/uploads\/2024\/11\/Astek-Job-annonces-background.jpg\u00bb background_blend=\u00bboverlay\u00bb custom_padding=\u00bb100px||200px||false|false\u00bb da_disable_devices=\u00bboff|off|off\u00bb global_colors_info=\u00bb{}\u00bb da_is_popup=\u00bboff\u00bb da_exit_intent=\u00bboff\u00bb da_has_close=\u00bbon\u00bb da_alt_close=\u00bboff\u00bb da_dark_close=\u00bboff\u00bb da_not_modal=\u00bbon\u00bb da_is_singular=\u00bboff\u00bb da_with_loader=\u00bboff\u00bb da_has_shadow=\u00bbon\u00bb][et_pb_row admin_label=\u00bb\u00a1Haz el salto!\u00bb _builder_version=\u00bb4.27.4&#8243; custom_padding=\u00bb||0px||false|false\u00bb global_colors_info=\u00bb{}\u00bb][et_pb_column type=\u00bb4_4&#8243; _builder_version=\u00bb4.16&#8243; global_colors_info=\u00bb{}\u00bb][et_pb_text admin_label=\u00bbSautez le pas !\u00bb _builder_version=\u00bb4.27.4&#8243; header_text_color=\u00bb#FFFFFF\u00bb custom_margin=\u00bb||||true|false\u00bb global_colors_info=\u00bb{}\u00bb]<\/p>\n<h1 style=\"text-align: center;\">\u00a1An\u00edmate, encuentra la oferta que necesitas!<\/h1>\n<p>[\/et_pb_text][\/et_pb_column][\/et_pb_row][\/et_pb_section][et_pb_section fb_built=\u00bb1&#8243; _builder_version=\u00bb4.27.4&#8243; _module_preset=\u00bbdefault\u00bb custom_margin=\u00bb0px||||false|false\u00bb custom_padding=\u00bb0px||||false|false\u00bb da_disable_devices=\u00bboff|off|off\u00bb global_colors_info=\u00bb{}\u00bb da_is_popup=\u00bboff\u00bb da_exit_intent=\u00bboff\u00bb da_has_close=\u00bbon\u00bb da_alt_close=\u00bboff\u00bb da_dark_close=\u00bboff\u00bb da_not_modal=\u00bbon\u00bb da_is_singular=\u00bboff\u00bb da_with_loader=\u00bboff\u00bb da_has_shadow=\u00bbon\u00bb][et_pb_row _builder_version=\u00bb4.27.4&#8243; _module_preset=\u00bbdefault\u00bb custom_margin=\u00bb0px||||false|false\u00bb custom_padding=\u00bb0px||||false|false\u00bb global_colors_info=\u00bb{}\u00bb][et_pb_column type=\u00bb4_4&#8243; _builder_version=\u00bb4.27.4&#8243; _module_preset=\u00bbdefault\u00bb global_colors_info=\u00bb{}\u00bb][et_pb_text disabled_on=\u00bboff|off|off\u00bb admin_label=\u00bbJobpost filter\u00bb _builder_version=\u00bb4.27.4&#8243; custom_margin=\u00bb-175px||||false|false\u00bb hover_enabled=\u00bb0&#8243; global_colors_info=\u00bb{}\u00bb sticky_enabled=\u00bb0&#8243;]<\/p>\n<p style=\"text-align: center;\"><div id=\"wpjmsf-section-326756\" class=\"wpjmsf-wrapper wpjmsf-job-section\" style=\"width: 100%; height: 100%;\"><search-and-filtering section=\"326756\" listing-type-slug=\"job\"><\/search-and-filtering><\/div><\/p>\n<p>[\/et_pb_text][et_pb_text admin_label=\u00bbJobpost\u00bb _builder_version=\u00bb4.27.4&#8243; custom_margin=\u00bb-25px||||false|false\u00bb hover_enabled=\u00bb0&#8243; global_colors_info=\u00bb{}\u00bb sticky_enabled=\u00bb0&#8243;]<\/p>\n<p style=\"text-align: center;\"><div class=\"job_listings\" data-location=\"\" data-keywords=\"\" data-show_filters=\"true\" data-show_pagination=\"false\" data-per_page=\"10\" data-orderby=\"featured\" data-order=\"DESC\" data-categories=\"\" data-disable-form-state-storage=\"\" data-featured_first=\"false\" data-post_id=\"56996\" data-wpjmsf_enabled=\"1\" >\n<form class=\"job_filters wpjmsf_filters\">\n\t\n\t<div class=\"search_jobs search_listings\">\n\t\t\t<\/div>\n\n\t\t<div class=\"showing_jobs\"><\/div>\n\t<div id=\"search-filtering-job-not-init-error\" style=\"text-align: center; display: none;\">\n\t\t<h4>Listings were not initialized due to no sections configured to output on this page.<\/h4>\n\t\t<p>Use one of the built in methods to output a section on this page, or if you want to disable Search and Filtering, set the shortcode like this:\t\t\t<br\/><code>&#x5B;jobs show_filters=\"false\" show_sf_filters=\"false\"&#x5D;<\/code><\/p>\n\t<\/div>\n<\/form>\n\n<noscript>Your browser does not support JavaScript, or it is disabled. JavaScript must be enabled in order to view listings.<\/noscript>\n<ul class=\"job_listings\">\n<\/ul>\n<a class=\"load_more_jobs\" href=\"#\" style=\"display:none;\"><strong>Load more listings<\/strong><\/a><\/div><\/p>\n<p>[\/et_pb_text][\/et_pb_column][\/et_pb_row][\/et_pb_section]<\/p>\n","protected":false},"excerpt":{"rendered":"<p>Ofertas de empleo del grupo Astek, un actor global en consultor\u00eda de ingenier\u00eda y tecnolog\u00eda, presente en los 5 continentes. S\u00famate a la pasi\u00f3n que nos mueve. Let&#8217;s move forward!<\/p>\n","protected":false},"author":98,"featured_media":0,"parent":0,"menu_order":0,"comment_status":"closed","ping_status":"closed","template":"","meta":{"_et_pb_use_builder":"on","_et_pb_old_content":"","_et_gb_content_width":"","footnotes":""},"class_list":["post-56996","page","type-page","status-publish","hentry"],"yoast_head":"<!-- This site is optimized with the Yoast SEO plugin v27.3 - https:\/\/yoast.com\/product\/yoast-seo-wordpress\/ -->\n<title>Nuestras ofertas - Astekjob<\/title>\n<meta name=\"description\" content=\"Ofertas de empleo del grupo Astek, un actor global en consultor\u00eda de ingenier\u00eda y tecnolog\u00eda, presente en los 5 continentes.\" \/>\n<meta name=\"robots\" content=\"index, follow, max-snippet:-1, max-image-preview:large, max-video-preview:-1\" \/>\n<link rel=\"canonical\" href=\"https:\/\/astekjob.fr\/es\/nuestras-ofertas\/\" \/>\n<meta property=\"og:locale\" content=\"es_ES\" \/>\n<meta property=\"og:type\" content=\"article\" \/>\n<meta property=\"og:title\" content=\"Nuestras ofertas - Astekjob\" \/>\n<meta property=\"og:description\" content=\"Ofertas de empleo del grupo Astek, un actor global en consultor\u00eda de ingenier\u00eda y tecnolog\u00eda, presente en los 5 continentes.\" \/>\n<meta property=\"og:url\" content=\"https:\/\/astekjob.fr\/es\/nuestras-ofertas\/\" \/>\n<meta property=\"og:site_name\" content=\"Astekjob\" \/>\n<meta property=\"article:modified_time\" content=\"2025-02-10T12:40:25+00:00\" \/>\n<meta name=\"twitter:card\" content=\"summary_large_image\" \/>\n<meta name=\"twitter:label1\" content=\"Tiempo de lectura\" \/>\n\t<meta name=\"twitter:data1\" content=\"2 minutos\" \/>\n<script type=\"application\/ld+json\" class=\"yoast-schema-graph\">{\"@context\":\"https:\\\/\\\/schema.org\",\"@graph\":[{\"@type\":\"WebPage\",\"@id\":\"https:\\\/\\\/astekjob.fr\\\/es\\\/nuestras-ofertas\\\/\",\"url\":\"https:\\\/\\\/astekjob.fr\\\/es\\\/nuestras-ofertas\\\/\",\"name\":\"Nuestras ofertas - Astekjob\",\"isPartOf\":{\"@id\":\"https:\\\/\\\/astekjob.fr\\\/es\\\/#website\"},\"datePublished\":\"2022-02-14T15:02:20+00:00\",\"dateModified\":\"2025-02-10T12:40:25+00:00\",\"description\":\"Ofertas de empleo del grupo Astek, un actor global en consultor\u00eda de ingenier\u00eda y tecnolog\u00eda, presente en los 5 continentes.\",\"breadcrumb\":{\"@id\":\"https:\\\/\\\/astekjob.fr\\\/es\\\/nuestras-ofertas\\\/#breadcrumb\"},\"inLanguage\":\"es\",\"potentialAction\":[{\"@type\":\"ReadAction\",\"target\":[\"https:\\\/\\\/astekjob.fr\\\/es\\\/nuestras-ofertas\\\/\"]}]},{\"@type\":\"BreadcrumbList\",\"@id\":\"https:\\\/\\\/astekjob.fr\\\/es\\\/nuestras-ofertas\\\/#breadcrumb\",\"itemListElement\":[{\"@type\":\"ListItem\",\"position\":1,\"name\":\"Accueil\",\"item\":\"https:\\\/\\\/astekjob.fr\\\/es\\\/\"},{\"@type\":\"ListItem\",\"position\":2,\"name\":\"Nuestras ofertas\"}]},{\"@type\":\"WebSite\",\"@id\":\"https:\\\/\\\/astekjob.fr\\\/es\\\/#website\",\"url\":\"https:\\\/\\\/astekjob.fr\\\/es\\\/\",\"name\":\"Astekjob\",\"description\":\"Le site de recrutement du Groupe Astek\",\"publisher\":{\"@id\":\"https:\\\/\\\/astekjob.fr\\\/es\\\/#organization\"},\"alternateName\":\"Astekjob\",\"potentialAction\":[{\"@type\":\"SearchAction\",\"target\":{\"@type\":\"EntryPoint\",\"urlTemplate\":\"https:\\\/\\\/astekjob.fr\\\/es\\\/?s={search_term_string}\"},\"query-input\":{\"@type\":\"PropertyValueSpecification\",\"valueRequired\":true,\"valueName\":\"search_term_string\"}}],\"inLanguage\":\"es\"},{\"@type\":\"Organization\",\"@id\":\"https:\\\/\\\/astekjob.fr\\\/es\\\/#organization\",\"name\":\"Groupe Astek\",\"url\":\"https:\\\/\\\/astekjob.fr\\\/es\\\/\",\"logo\":{\"@type\":\"ImageObject\",\"inLanguage\":\"es\",\"@id\":\"https:\\\/\\\/astekjob.fr\\\/es\\\/#\\\/schema\\\/logo\\\/image\\\/\",\"url\":\"https:\\\/\\\/astekjob.fr\\\/wp-content\\\/uploads\\\/2021\\\/11\\\/Astek-Group_Hor_Officiel.png\",\"contentUrl\":\"https:\\\/\\\/astekjob.fr\\\/wp-content\\\/uploads\\\/2021\\\/11\\\/Astek-Group_Hor_Officiel.png\",\"width\":1215,\"height\":307,\"caption\":\"Groupe Astek\"},\"image\":{\"@id\":\"https:\\\/\\\/astekjob.fr\\\/es\\\/#\\\/schema\\\/logo\\\/image\\\/\"},\"sameAs\":[\"https:\\\/\\\/www.linkedin.com\\\/company\\\/astek\\\/\"]}]}<\/script>\n<!-- \/ Yoast SEO plugin. -->","yoast_head_json":{"title":"Nuestras ofertas - Astekjob","description":"Ofertas de empleo del grupo Astek, un actor global en consultor\u00eda de ingenier\u00eda y tecnolog\u00eda, presente en los 5 continentes.","robots":{"index":"index","follow":"follow","max-snippet":"max-snippet:-1","max-image-preview":"max-image-preview:large","max-video-preview":"max-video-preview:-1"},"canonical":"https:\/\/astekjob.fr\/es\/nuestras-ofertas\/","og_locale":"es_ES","og_type":"article","og_title":"Nuestras ofertas - Astekjob","og_description":"Ofertas de empleo del grupo Astek, un actor global en consultor\u00eda de ingenier\u00eda y tecnolog\u00eda, presente en los 5 continentes.","og_url":"https:\/\/astekjob.fr\/es\/nuestras-ofertas\/","og_site_name":"Astekjob","article_modified_time":"2025-02-10T12:40:25+00:00","twitter_card":"summary_large_image","twitter_misc":{"Tiempo de lectura":"2 minutos"},"schema":{"@context":"https:\/\/schema.org","@graph":[{"@type":"WebPage","@id":"https:\/\/astekjob.fr\/es\/nuestras-ofertas\/","url":"https:\/\/astekjob.fr\/es\/nuestras-ofertas\/","name":"Nuestras ofertas - Astekjob","isPartOf":{"@id":"https:\/\/astekjob.fr\/es\/#website"},"datePublished":"2022-02-14T15:02:20+00:00","dateModified":"2025-02-10T12:40:25+00:00","description":"Ofertas de empleo del grupo Astek, un actor global en consultor\u00eda de ingenier\u00eda y tecnolog\u00eda, presente en los 5 continentes.","breadcrumb":{"@id":"https:\/\/astekjob.fr\/es\/nuestras-ofertas\/#breadcrumb"},"inLanguage":"es","potentialAction":[{"@type":"ReadAction","target":["https:\/\/astekjob.fr\/es\/nuestras-ofertas\/"]}]},{"@type":"BreadcrumbList","@id":"https:\/\/astekjob.fr\/es\/nuestras-ofertas\/#breadcrumb","itemListElement":[{"@type":"ListItem","position":1,"name":"Accueil","item":"https:\/\/astekjob.fr\/es\/"},{"@type":"ListItem","position":2,"name":"Nuestras ofertas"}]},{"@type":"WebSite","@id":"https:\/\/astekjob.fr\/es\/#website","url":"https:\/\/astekjob.fr\/es\/","name":"Astekjob","description":"Le site de recrutement du Groupe Astek","publisher":{"@id":"https:\/\/astekjob.fr\/es\/#organization"},"alternateName":"Astekjob","potentialAction":[{"@type":"SearchAction","target":{"@type":"EntryPoint","urlTemplate":"https:\/\/astekjob.fr\/es\/?s={search_term_string}"},"query-input":{"@type":"PropertyValueSpecification","valueRequired":true,"valueName":"search_term_string"}}],"inLanguage":"es"},{"@type":"Organization","@id":"https:\/\/astekjob.fr\/es\/#organization","name":"Groupe Astek","url":"https:\/\/astekjob.fr\/es\/","logo":{"@type":"ImageObject","inLanguage":"es","@id":"https:\/\/astekjob.fr\/es\/#\/schema\/logo\/image\/","url":"https:\/\/astekjob.fr\/wp-content\/uploads\/2021\/11\/Astek-Group_Hor_Officiel.png","contentUrl":"https:\/\/astekjob.fr\/wp-content\/uploads\/2021\/11\/Astek-Group_Hor_Officiel.png","width":1215,"height":307,"caption":"Groupe Astek"},"image":{"@id":"https:\/\/astekjob.fr\/es\/#\/schema\/logo\/image\/"},"sameAs":["https:\/\/www.linkedin.com\/company\/astek\/"]}]}},"_links":{"self":[{"href":"https:\/\/astekjob.fr\/es\/wp-json\/wp\/v2\/pages\/56996","targetHints":{"allow":["GET"]}}],"collection":[{"href":"https:\/\/astekjob.fr\/es\/wp-json\/wp\/v2\/pages"}],"about":[{"href":"https:\/\/astekjob.fr\/es\/wp-json\/wp\/v2\/types\/page"}],"author":[{"embeddable":true,"href":"https:\/\/astekjob.fr\/es\/wp-json\/wp\/v2\/users\/98"}],"replies":[{"embeddable":true,"href":"https:\/\/astekjob.fr\/es\/wp-json\/wp\/v2\/comments?post=56996"}],"version-history":[{"count":0,"href":"https:\/\/astekjob.fr\/es\/wp-json\/wp\/v2\/pages\/56996\/revisions"}],"wp:attachment":[{"href":"https:\/\/astekjob.fr\/es\/wp-json\/wp\/v2\/media?parent=56996"}],"curies":[{"name":"wp","href":"https:\/\/api.w.org\/{rel}","templated":true}]}}